{"id":1381,"date":"2023-05-14T12:26:25","date_gmt":"2023-05-14T12:26:25","guid":{"rendered":"https:\/\/pedasiplayavenao.com\/product\/the-inn-at-punta-mala\/"},"modified":"2023-05-14T20:54:18","modified_gmt":"2023-05-14T20:54:18","slug":"the-inn-at-punta-mala","status":"publish","type":"product","link":"https:\/\/pedasiplayavenao.com\/es\/producto\/the-inn-at-punta-mala\/","title":{"rendered":"The Inn at Punta Mala"},"content":{"rendered":"<p>The Inn at Punta Mala est\u00e1 ubicado en el camino a Punta Mala, que es un lugar famoso porque sol\u00eda ser donde los estadounidenses ten\u00edan una base militar. Esta base es ahora el hogar de Mireya Moscoso, expresidenta de Panam\u00e1 originaria de Pedas\u00ed. Entra por la carretera de El Lim\u00f3n y gira a la izquierda cuando llegues a la bifurcaci\u00f3n. Si vas a la derecha llegar\u00e1s a las hermosas playas de Destiladeros. Este camino fue asfaltado recientemente. Lo mejor es tener su propio coche o alquilar un coche en Pedas\u00ed para alojarse en The Inn at Punta Mala.<\/p>\n<p>Los propietarios Libia y Yeti son bastante amables. Viven en el lugar y ser\u00e1n ellos quienes te sirvan el desayuno que incluye chorizos que son una especialidad local. Hay aparcamiento gratuito disponible en el sitio. La propiedad tiene una bonita piscina para refrescarse del calor en Pedas\u00ed. Un \u00e1rea com\u00fan interior se encuentra justo al lado de la piscina con mesas y hamacas. El jard\u00edn alrededor de la piscina est\u00e1 lleno de plantas tropicales ya que Libia tambi\u00e9n tiene un vivero de plantas.<\/p>\n<p>The Inn at Punta Mala es un lugar solo para adultos, lo que significa que los hu\u00e9spedes deben tener 21 a\u00f1os o m\u00e1s para quedarse. Tampoco se permiten mascotas. Todas las habitaciones son para dos personas con una cama doble grande o dos camas individuales. No hay opci\u00f3n para agregar camas adicionales. Todas las habitaciones tienen ba\u00f1o privado con ducha. Esta es una propiedad para no fumadores, lo que significa que no se permite fumar en las habitaciones ni en el exterior.<\/p>\n","protected":false},"excerpt":{"rendered":"<p>Por favor cont\u00e1ctenos para reservar en The Inn at Punta Mala escribiendo a ursula@panamatravelgroup.com o +507 66330166. En una habitaci\u00f3n pueden hospedarse 2 personas. Este hotel es solo para adultos, es decir mayores de 21 a\u00f1os. El desayuno est\u00e1 incluido. Las tarifas pueden variar a lo largo del a\u00f1o.<\/p>\n","protected":false},"featured_media":1368,"comment_status":"open","ping_status":"closed","template":"","meta":{"rank_math_lock_modified_date":false},"product_brand":[],"product_cat":[152],"product_tag":[],"class_list":{"0":"post-1381","1":"product","2":"type-product","3":"status-publish","4":"has-post-thumbnail","6":"product_cat-hotels-es","8":"first","9":"instock","10":"shipping-taxable","11":"product-type-external"},"jetpack_sharing_enabled":true,"_links":{"self":[{"href":"https:\/\/pedasiplayavenao.com\/es\/wp-json\/wp\/v2\/product\/1381","targetHints":{"allow":["GET"]}}],"collection":[{"href":"https:\/\/pedasiplayavenao.com\/es\/wp-json\/wp\/v2\/product"}],"about":[{"href":"https:\/\/pedasiplayavenao.com\/es\/wp-json\/wp\/v2\/types\/product"}],"replies":[{"embeddable":true,"href":"https:\/\/pedasiplayavenao.com\/es\/wp-json\/wp\/v2\/comments?post=1381"}],"wp:featuredmedia":[{"embeddable":true,"href":"https:\/\/pedasiplayavenao.com\/es\/wp-json\/wp\/v2\/media\/1368"}],"wp:attachment":[{"href":"https:\/\/pedasiplayavenao.com\/es\/wp-json\/wp\/v2\/media?parent=1381"}],"wp:term":[{"taxonomy":"product_brand","embeddable":true,"href":"https:\/\/pedasiplayavenao.com\/es\/wp-json\/wp\/v2\/product_brand?post=1381"},{"taxonomy":"product_cat","embeddable":true,"href":"https:\/\/pedasiplayavenao.com\/es\/wp-json\/wp\/v2\/product_cat?post=1381"},{"taxonomy":"product_tag","embeddable":true,"href":"https:\/\/pedasiplayavenao.com\/es\/wp-json\/wp\/v2\/product_tag?post=1381"}],"curies":[{"name":"wp","href":"https:\/\/api.w.org\/{rel}","templated":true}]}}